{"id":2637,"date":"2021-12-17T14:24:57","date_gmt":"2021-12-17T19:24:57","guid":{"rendered":"https:\/\/www.vizimax.com\/iec-61850\/"},"modified":"2025-01-16T09:27:11","modified_gmt":"2025-01-16T14:27:11","slug":"cei-61850","status":"publish","type":"page","link":"https:\/\/www.vizimax.com\/fr\/cei-61850\/","title":{"rendered":"CEI 61850"},"content":{"rendered":"\t\t<div data-elementor-type=\"wp-page\" data-elementor-id=\"2637\" class=\"elementor elementor-2637 elementor-1119\" data-elementor-post-type=\"page\">\n\t\t\t\t\t\t<section class=\"elementor-section elementor-top-section elementor-element elementor-element-efa6c92 elementor-section-full_width zoom-in-header elementor-section-height-default elementor-section-height-default\" data-id=\"efa6c92\" data-element_type=\"section\" data-e-type=\"section\">\n\t\t\t\t\t\t<div class=\"elementor-container elementor-column-gap-no\">\n\t\t\t\t\t<div class=\"elementor-column elementor-col-100 elementor-top-column elementor-element elementor-element-4acca2a\" data-id=\"4acca2a\" data-element_type=\"column\" data-e-type=\"column\">\n\t\t\t<div class=\"elementor-widget-wrap elementor-element-populated\">\n\t\t\t\t\t\t<section class=\"elementor-section elementor-inner-section elementor-element elementor-element-d0f4cee zoom-in-title elementor-section-boxed elementor-section-height-default elementor-section-height-default\" data-id=\"d0f4cee\" data-element_type=\"section\" data-e-type=\"section\">\n\t\t\t\t\t\t<div class=\"elementor-container elementor-column-gap-no\">\n\t\t\t\t\t<div class=\"elementor-column elementor-col-100 elementor-inner-column elementor-element elementor-element-0c3c4d2\" data-id=\"0c3c4d2\" data-element_type=\"column\" data-e-type=\"column\">\n\t\t\t<div class=\"elementor-widget-wrap elementor-element-populated\">\n\t\t\t\t\t\t<div class=\"elementor-element elementor-element-157b579 elementor-widget__width-initial elementor-invisible elementor-widget elementor-widget-heading\" data-id=\"157b579\" data-element_type=\"widget\" data-e-type=\"widget\" data-settings=\"{&quot;_animation&quot;:&quot;fadeInLeft&quot;}\" data-widget_type=\"heading.default\">\n\t\t\t\t<div class=\"elementor-widget-container\">\n\t\t\t\t\t<h1 class=\"elementor-heading-title elementor-size-default\">Un t\u00e9moignage de notre expertise:\nLa norme CEI 61850<\/h1>\t\t\t\t<\/div>\n\t\t\t\t<\/div>\n\t\t\t\t\t<\/div>\n\t\t<\/div>\n\t\t\t\t\t<\/div>\n\t\t<\/section>\n\t\t\t\t<div class=\"elementor-element elementor-element-60f8ecf zoom-in-bg elementor-widget elementor-widget-spacer\" data-id=\"60f8ecf\" data-element_type=\"widget\" data-e-type=\"widget\" data-widget_type=\"spacer.default\">\n\t\t\t\t<div class=\"elementor-widget-container\">\n\t\t\t\t\t\t\t<div class=\"elementor-spacer\">\n\t\t\t<div class=\"elementor-spacer-inner\"><\/div>\n\t\t<\/div>\n\t\t\t\t\t\t<\/div>\n\t\t\t\t<\/div>\n\t\t\t\t\t<\/div>\n\t\t<\/div>\n\t\t\t\t\t<\/div>\n\t\t<\/section>\n\t\t\t\t<section class=\"elementor-section elementor-top-section elementor-element elementor-element-a20a4cb elementor-section-boxed elementor-section-height-default elementor-section-height-default\" data-id=\"a20a4cb\" data-element_type=\"section\" data-e-type=\"section\">\n\t\t\t\t\t\t<div class=\"elementor-container elementor-column-gap-no\">\n\t\t\t\t\t<div class=\"elementor-column elementor-col-50 elementor-top-column elementor-element elementor-element-246c498\" data-id=\"246c498\" data-element_type=\"column\" data-e-type=\"column\">\n\t\t\t<div class=\"elementor-widget-wrap elementor-element-populated\">\n\t\t\t\t\t\t<div class=\"elementor-element elementor-element-948bc42 orange-under-title elementor-widget__width-initial elementor-widget elementor-widget-heading\" data-id=\"948bc42\" data-element_type=\"widget\" data-e-type=\"widget\" data-widget_type=\"heading.default\">\n\t\t\t\t<div class=\"elementor-widget-container\">\n\t\t\t\t\t<h2 class=\"elementor-heading-title elementor-size-default\">CEI 61850 en quelques mots<\/h2>\t\t\t\t<\/div>\n\t\t\t\t<\/div>\n\t\t\t\t<div class=\"elementor-element elementor-element-7e59cb4 elementor-widget elementor-widget-text-editor\" data-id=\"7e59cb4\" data-element_type=\"widget\" data-e-type=\"widget\" data-widget_type=\"text-editor.default\">\n\t\t\t\t<div class=\"elementor-widget-container\">\n\t\t\t\t\t\t\t\t\t<p>La CEI 61850 est une norme internationale qui unifie les protocoles de communication entre les diff\u00e9rents syst\u00e8mes d&rsquo;une sous-station, tels que les \u00e9quipements de protection, de contr\u00f4le et de mesure. Plus pr\u00e9cis\u00e9ment, elle permet aux appareils d&rsquo;\u00e9changer rapidement des donn\u00e9es et des \u00e9tats \u00e0 l&rsquo;aide de GOOSE et de valeurs \u00e9chantillonn\u00e9es (SV) via un r\u00e9seau local (LAN) sans n\u00e9cessiter de liaisons distinctes pour chaque appareil. La norme CEI 61850 est devenue une norme mondialement adopt\u00e9e qui couvre un large \u00e9ventail d&rsquo;industries de l&rsquo;\u00e9nergie, facilitant les communications et l&rsquo;interop\u00e9rabilit\u00e9 des infrastructures.<\/p><p>Au-del\u00e0 de l&rsquo;aspect communication, elle standardise \u00e9galement la mod\u00e9lisation des diff\u00e9rentes fonctions pour cr\u00e9er une vue unifi\u00e9e de l&rsquo;ensemble du poste.<\/p>\t\t\t\t\t\t\t\t<\/div>\n\t\t\t\t<\/div>\n\t\t\t\t\t<\/div>\n\t\t<\/div>\n\t\t\t\t<div class=\"elementor-column elementor-col-50 elementor-top-column elementor-element elementor-element-4d71c3f\" data-id=\"4d71c3f\" data-element_type=\"column\" data-e-type=\"column\">\n\t\t\t<div class=\"elementor-widget-wrap elementor-element-populated\">\n\t\t\t\t\t\t<div class=\"elementor-element elementor-element-326b7f6 elementor-widget elementor-widget-image\" data-id=\"326b7f6\" data-element_type=\"widget\" data-e-type=\"widget\" data-widget_type=\"image.default\">\n\t\t\t\t<div class=\"elementor-widget-container\">\n\t\t\t\t\t\t\t\t\t\t\t\t\t\t\t<img fetchpriority=\"high\" decoding=\"async\" width=\"508\" height=\"508\" src=\"https:\/\/www.vizimax.com\/wp-content\/uploads\/2025\/01\/1-section1-img-4.png\" class=\"attachment-large size-large wp-image-8222\" alt=\"\" srcset=\"https:\/\/www.vizimax.com\/wp-content\/uploads\/2025\/01\/1-section1-img-4.png 508w, https:\/\/www.vizimax.com\/wp-content\/uploads\/2025\/01\/1-section1-img-4-300x300.png 300w, https:\/\/www.vizimax.com\/wp-content\/uploads\/2025\/01\/1-section1-img-4-150x150.png 150w\" sizes=\"(max-width: 508px) 100vw, 508px\" \/>\t\t\t\t\t\t\t\t\t\t\t\t\t\t\t<\/div>\n\t\t\t\t<\/div>\n\t\t\t\t\t<\/div>\n\t\t<\/div>\n\t\t\t\t\t<\/div>\n\t\t<\/section>\n\t\t\t\t<section class=\"elementor-section elementor-top-section elementor-element elementor-element-82849f5 elementor-section-boxed elementor-section-height-default elementor-section-height-default\" data-id=\"82849f5\" data-element_type=\"section\" data-e-type=\"section\" data-settings=\"{&quot;background_background&quot;:&quot;classic&quot;}\">\n\t\t\t\t\t\t<div class=\"elementor-container elementor-column-gap-no\">\n\t\t\t\t\t<div class=\"elementor-column elementor-col-50 elementor-top-column elementor-element elementor-element-dbec4e9\" data-id=\"dbec4e9\" data-element_type=\"column\" data-e-type=\"column\">\n\t\t\t<div class=\"elementor-widget-wrap elementor-element-populated\">\n\t\t\t\t\t\t<div class=\"elementor-element elementor-element-ede2a16 orange-under-title elementor-widget__width-initial elementor-widget elementor-widget-heading\" data-id=\"ede2a16\" data-element_type=\"widget\" data-e-type=\"widget\" data-widget_type=\"heading.default\">\n\t\t\t\t<div class=\"elementor-widget-container\">\n\t\t\t\t\t<h2 class=\"elementor-heading-title elementor-size-default\">Nous fa\u00e7onnons les normes et les solutions de demain<\/h2>\t\t\t\t<\/div>\n\t\t\t\t<\/div>\n\t\t\t\t<div class=\"elementor-element elementor-element-57e9e2c elementor-widget elementor-widget-text-editor\" data-id=\"57e9e2c\" data-element_type=\"widget\" data-e-type=\"widget\" data-widget_type=\"text-editor.default\">\n\t\t\t\t<div class=\"elementor-widget-container\">\n\t\t\t\t\t\t\t\t\t<p>La norme CEI 61850 \u00e9volue constamment pour r\u00e9pondre \u00e0 de nouvelles exigences et am\u00e9liorer sa base actuelle. Les experts de Vizimax si\u00e8gent sur diff\u00e9rents comit\u00e9s techniques qui fa\u00e7onnent l&rsquo;avenir de l&rsquo;industrie de l&rsquo;\u00e9nergie et son paysage innovant.<\/p>\t\t\t\t\t\t\t\t<\/div>\n\t\t\t\t<\/div>\n\t\t\t\t\t<\/div>\n\t\t<\/div>\n\t\t\t\t<div class=\"elementor-column elementor-col-50 elementor-top-column elementor-element elementor-element-8aa0c66\" data-id=\"8aa0c66\" data-element_type=\"column\" data-e-type=\"column\">\n\t\t\t<div class=\"elementor-widget-wrap elementor-element-populated\">\n\t\t\t\t\t\t<div class=\"elementor-element elementor-element-56fa551 orange-list elementor-widget elementor-widget-text-editor\" data-id=\"56fa551\" data-element_type=\"widget\" data-e-type=\"widget\" data-widget_type=\"text-editor.default\">\n\t\t\t\t<div class=\"elementor-widget-container\">\n\t\t\t\t\t\t\t\t\t<ul><li>TC57 WG10: Groupe de travail d\u00e9finissant la s\u00e9rie de normes CEI 61850<\/li><li>TC57 WG15: Groupe de travail d\u00e9finissant la norme CEI 62351 (S\u00e9curit\u00e9 dans les postes \u00e9lectriques)<\/li><li>TC38 WG37: Groupe de travail d\u00e9finissant les normes CEI 61869-x (Unit\u00e9s de mesure et de conversion &#8211; merging unit\/AMU)<\/li><\/ul>\t\t\t\t\t\t\t\t<\/div>\n\t\t\t\t<\/div>\n\t\t\t\t\t<\/div>\n\t\t<\/div>\n\t\t\t\t\t<\/div>\n\t\t<\/section>\n\t\t\t\t<section class=\"elementor-section elementor-top-section elementor-element elementor-element-47e420d elementor-section-height-min-height cta-demo-accueil elementor-section-boxed elementor-section-height-default elementor-section-items-middle elementor-invisible\" data-id=\"47e420d\" data-element_type=\"section\" data-e-type=\"section\" data-settings=\"{&quot;background_background&quot;:&quot;classic&quot;,&quot;animation&quot;:&quot;fadeInLeft&quot;}\">\n\t\t\t\t\t\t<div class=\"elementor-container elementor-column-gap-no\">\n\t\t\t\t\t<div class=\"elementor-column elementor-col-50 elementor-top-column elementor-element elementor-element-740f113\" data-id=\"740f113\" data-element_type=\"column\" data-e-type=\"column\">\n\t\t\t<div class=\"elementor-widget-wrap elementor-element-populated\">\n\t\t\t\t\t\t<div class=\"elementor-element elementor-element-87dcfb6 elementor-widget__width-initial elementor-widget-mobile__width-inherit elementor-widget elementor-widget-heading\" data-id=\"87dcfb6\" data-element_type=\"widget\" data-e-type=\"widget\" data-widget_type=\"heading.default\">\n\t\t\t\t<div class=\"elementor-widget-container\">\n\t\t\t\t\t<h2 class=\"elementor-heading-title elementor-size-default\">Pr\u00eat \u00e0 digitaliser vos infrastructures?<\/h2>\t\t\t\t<\/div>\n\t\t\t\t<\/div>\n\t\t\t\t\t<\/div>\n\t\t<\/div>\n\t\t\t\t<div class=\"elementor-column elementor-col-50 elementor-top-column elementor-element elementor-element-b221808\" data-id=\"b221808\" data-element_type=\"column\" data-e-type=\"column\">\n\t\t\t<div class=\"elementor-widget-wrap elementor-element-populated\">\n\t\t\t\t\t\t<div class=\"elementor-element elementor-element-a9d71f3 elementor-widget-mobile__width-inherit elementor-widget elementor-widget-text-editor\" data-id=\"a9d71f3\" data-element_type=\"widget\" data-e-type=\"widget\" data-widget_type=\"text-editor.default\">\n\t\t\t\t<div class=\"elementor-widget-container\">\n\t\t\t\t\t\t\t\t\t<p>D\u00e9couvrez comment les solutions de mesure et de contr\u00f4le de Vizimax peuvent supporter vos projets de digitalisation de vos infrastructures.<\/p>\t\t\t\t\t\t\t\t<\/div>\n\t\t\t\t<\/div>\n\t\t\t\t<div class=\"elementor-element elementor-element-039fc63 alt-button elementor-widget elementor-widget-button\" data-id=\"039fc63\" data-element_type=\"widget\" data-e-type=\"widget\" data-widget_type=\"button.default\">\n\t\t\t\t<div class=\"elementor-widget-container\">\n\t\t\t\t\t\t\t\t\t<div class=\"elementor-button-wrapper\">\n\t\t\t\t\t<a class=\"elementor-button elementor-button-link elementor-size-sm\" href=\"\/fr\/contact\">\n\t\t\t\t\t\t<span class=\"elementor-button-content-wrapper\">\n\t\t\t\t\t\t\t\t\t<span class=\"elementor-button-text\">Contactez-nous<\/span>\n\t\t\t\t\t<\/span>\n\t\t\t\t\t<\/a>\n\t\t\t\t<\/div>\n\t\t\t\t\t\t\t\t<\/div>\n\t\t\t\t<\/div>\n\t\t\t\t\t<\/div>\n\t\t<\/div>\n\t\t\t\t\t<\/div>\n\t\t<\/section>\n\t\t\t\t<\/div>\n\t\t","protected":false},"excerpt":{"rendered":"<p>Un t\u00e9moignage de notre expertise: La norme CEI 61850 CEI 61850 en quelques mots La CEI 61850 est une norme internationale qui unifie les protocoles de communication entre les diff\u00e9rents syst\u00e8mes d&rsquo;une sous-station, tels que les \u00e9quipements de protection, de contr\u00f4le et de mesure. Plus pr\u00e9cis\u00e9ment, elle permet aux appareils d&rsquo;\u00e9changer rapidement des donn\u00e9es et [&hellip;]<\/p>\n","protected":false},"author":2,"featured_media":0,"parent":0,"menu_order":0,"comment_status":"closed","ping_status":"closed","template":"","meta":{"_acf_changed":false,"site-sidebar-layout":"no-sidebar","site-content-layout":"page-builder","ast-site-content-layout":"default","site-content-style":"default","site-sidebar-style":"default","ast-global-header-display":"","ast-banner-title-visibility":"","ast-main-header-display":"","ast-hfb-above-header-display":"","ast-hfb-below-header-display":"","ast-hfb-mobile-header-display":"","site-post-title":"disabled","ast-breadcrumbs-content":"","ast-featured-img":"disabled","footer-sml-layout":"","ast-disable-related-posts":"","theme-transparent-header-meta":"default","adv-header-id-meta":"","stick-header-meta":"default","header-above-stick-meta":"","header-main-stick-meta":"","header-below-stick-meta":"","astra-migrate-meta-layouts":"default","ast-page-background-enabled":"default","ast-page-background-meta":{"desktop":{"background-color":"","background-image":"","background-repeat":"repeat","background-position":"center center","background-size":"auto","background-attachment":"scroll","background-type":"","background-media":"","overlay-type":"","overlay-color":"","overlay-opacity":"","overlay-gradient":""},"tablet":{"background-color":"","background-image":"","background-repeat":"repeat","background-position":"center center","background-size":"auto","background-attachment":"scroll","background-type":"","background-media":"","overlay-type":"","overlay-color":"","overlay-opacity":"","overlay-gradient":""},"mobile":{"background-color":"","background-image":"","background-repeat":"repeat","background-position":"center center","background-size":"auto","background-attachment":"scroll","background-type":"","background-media":"","overlay-type":"","overlay-color":"","overlay-opacity":"","overlay-gradient":""}},"ast-content-background-meta":{"desktop":{"background-color":"var(--ast-global-color-5)","background-image":"","background-repeat":"repeat","background-position":"center center","background-size":"auto","background-attachment":"scroll","background-type":"","background-media":"","overlay-type":"","overlay-color":"","overlay-opacity":"","overlay-gradient":""},"tablet":{"background-color":"var(--ast-global-color-5)","background-image":"","background-repeat":"repeat","background-position":"center center","background-size":"auto","background-attachment":"scroll","background-type":"","background-media":"","overlay-type":"","overlay-color":"","overlay-opacity":"","overlay-gradient":""},"mobile":{"background-color":"var(--ast-global-color-5)","background-image":"","background-repeat":"repeat","background-position":"center center","background-size":"auto","background-attachment":"scroll","background-type":"","background-media":"","overlay-type":"","overlay-color":"","overlay-opacity":"","overlay-gradient":""}},"footnotes":""},"class_list":["post-2637","page","type-page","status-publish","hentry"],"acf":[],"yoast_head":"<!-- This site is optimized with the Yoast SEO plugin v27.2 - https:\/\/yoast.com\/product\/yoast-seo-wordpress\/ -->\n<title>La norme CEI 61850 | Vizimax<\/title>\n<meta name=\"description\" content=\"Les experts de Vizimax si\u00e8gent sur diff\u00e9rents comit\u00e9s techniques qui fa\u00e7onnent l&#039;avenir de l&#039;industrie de l&#039;\u00e9nergie.\" \/>\n<meta name=\"robots\" content=\"index, follow, max-snippet:-1, max-image-preview:large, max-video-preview:-1\" \/>\n<link rel=\"canonical\" href=\"https:\/\/www.vizimax.com\/fr\/cei-61850\/\" \/>\n<meta property=\"og:locale\" content=\"fr_FR\" \/>\n<meta property=\"og:type\" content=\"article\" \/>\n<meta property=\"og:title\" content=\"La norme CEI 61850 | Vizimax\" \/>\n<meta property=\"og:description\" content=\"Les experts de Vizimax si\u00e8gent sur diff\u00e9rents comit\u00e9s techniques qui fa\u00e7onnent l&#039;avenir de l&#039;industrie de l&#039;\u00e9nergie.\" \/>\n<meta property=\"og:url\" content=\"https:\/\/www.vizimax.com\/fr\/cei-61850\/\" \/>\n<meta property=\"og:site_name\" content=\"Vizimax\" \/>\n<meta property=\"article:modified_time\" content=\"2025-01-16T14:27:11+00:00\" \/>\n<meta property=\"og:image\" content=\"https:\/\/www.vizimax.com\/wp-content\/uploads\/2025\/01\/1-section1-img-4.png\" \/>\n\t<meta property=\"og:image:width\" content=\"508\" \/>\n\t<meta property=\"og:image:height\" content=\"508\" \/>\n\t<meta property=\"og:image:type\" content=\"image\/png\" \/>\n<meta name=\"twitter:card\" content=\"summary_large_image\" \/>\n<meta name=\"twitter:label1\" content=\"Dur\u00e9e de lecture estim\u00e9e\" \/>\n\t<meta name=\"twitter:data1\" content=\"2 minutes\" \/>\n<script type=\"application\/ld+json\" class=\"yoast-schema-graph\">{\"@context\":\"https:\/\/schema.org\",\"@graph\":[{\"@type\":\"WebPage\",\"@id\":\"https:\/\/www.vizimax.com\/fr\/cei-61850\/\",\"url\":\"https:\/\/www.vizimax.com\/fr\/cei-61850\/\",\"name\":\"La norme CEI 61850 | Vizimax\",\"isPartOf\":{\"@id\":\"https:\/\/www.vizimax.com\/fr\/?lang=fr\/#website\"},\"primaryImageOfPage\":{\"@id\":\"https:\/\/www.vizimax.com\/fr\/cei-61850\/#primaryimage\"},\"image\":{\"@id\":\"https:\/\/www.vizimax.com\/fr\/cei-61850\/#primaryimage\"},\"thumbnailUrl\":\"https:\/\/www.vizimax.com\/wp-content\/uploads\/2025\/01\/1-section1-img-4.png\",\"datePublished\":\"2021-12-17T19:24:57+00:00\",\"dateModified\":\"2025-01-16T14:27:11+00:00\",\"description\":\"Les experts de Vizimax si\u00e8gent sur diff\u00e9rents comit\u00e9s techniques qui fa\u00e7onnent l'avenir de l'industrie de l'\u00e9nergie.\",\"breadcrumb\":{\"@id\":\"https:\/\/www.vizimax.com\/fr\/cei-61850\/#breadcrumb\"},\"inLanguage\":\"fr-FR\",\"potentialAction\":[{\"@type\":\"ReadAction\",\"target\":[\"https:\/\/www.vizimax.com\/fr\/cei-61850\/\"]}]},{\"@type\":\"ImageObject\",\"inLanguage\":\"fr-FR\",\"@id\":\"https:\/\/www.vizimax.com\/fr\/cei-61850\/#primaryimage\",\"url\":\"https:\/\/www.vizimax.com\/wp-content\/uploads\/2025\/01\/1-section1-img-4.png\",\"contentUrl\":\"https:\/\/www.vizimax.com\/wp-content\/uploads\/2025\/01\/1-section1-img-4.png\"},{\"@type\":\"BreadcrumbList\",\"@id\":\"https:\/\/www.vizimax.com\/fr\/cei-61850\/#breadcrumb\",\"itemListElement\":[{\"@type\":\"ListItem\",\"position\":1,\"name\":\"Home\",\"item\":\"https:\/\/www.vizimax.com\/fr\/\"},{\"@type\":\"ListItem\",\"position\":2,\"name\":\"CEI 61850\"}]},{\"@type\":\"WebSite\",\"@id\":\"https:\/\/www.vizimax.com\/fr\/?lang=fr\/#website\",\"url\":\"https:\/\/www.vizimax.com\/fr\/?lang=fr\/\",\"name\":\"Vizimax\",\"description\":\"\",\"publisher\":{\"@id\":\"https:\/\/www.vizimax.com\/fr\/?lang=fr\/#organization\"},\"potentialAction\":[{\"@type\":\"SearchAction\",\"target\":{\"@type\":\"EntryPoint\",\"urlTemplate\":\"https:\/\/www.vizimax.com\/fr\/?lang=fr\/?s={search_term_string}\"},\"query-input\":{\"@type\":\"PropertyValueSpecification\",\"valueRequired\":true,\"valueName\":\"search_term_string\"}}],\"inLanguage\":\"fr-FR\"},{\"@type\":\"Organization\",\"@id\":\"https:\/\/www.vizimax.com\/fr\/?lang=fr\/#organization\",\"name\":\"Vizimax\",\"url\":\"https:\/\/www.vizimax.com\/fr\/?lang=fr\/\",\"logo\":{\"@type\":\"ImageObject\",\"inLanguage\":\"fr-FR\",\"@id\":\"https:\/\/www.vizimax.com\/fr\/?lang=fr\/#\/schema\/logo\/image\/\",\"url\":\"https:\/\/www.vizimax.com\/wp-content\/uploads\/2025\/01\/1-header-logofr.svg\",\"contentUrl\":\"https:\/\/www.vizimax.com\/wp-content\/uploads\/2025\/01\/1-header-logofr.svg\",\"caption\":\"Vizimax\"},\"image\":{\"@id\":\"https:\/\/www.vizimax.com\/fr\/?lang=fr\/#\/schema\/logo\/image\/\"}}]}<\/script>\n<!-- \/ Yoast SEO plugin. -->","yoast_head_json":{"title":"La norme CEI 61850 | Vizimax","description":"Les experts de Vizimax si\u00e8gent sur diff\u00e9rents comit\u00e9s techniques qui fa\u00e7onnent l'avenir de l'industrie de l'\u00e9nergie.","robots":{"index":"index","follow":"follow","max-snippet":"max-snippet:-1","max-image-preview":"max-image-preview:large","max-video-preview":"max-video-preview:-1"},"canonical":"https:\/\/www.vizimax.com\/fr\/cei-61850\/","og_locale":"fr_FR","og_type":"article","og_title":"La norme CEI 61850 | Vizimax","og_description":"Les experts de Vizimax si\u00e8gent sur diff\u00e9rents comit\u00e9s techniques qui fa\u00e7onnent l'avenir de l'industrie de l'\u00e9nergie.","og_url":"https:\/\/www.vizimax.com\/fr\/cei-61850\/","og_site_name":"Vizimax","article_modified_time":"2025-01-16T14:27:11+00:00","og_image":[{"width":508,"height":508,"url":"https:\/\/www.vizimax.com\/wp-content\/uploads\/2025\/01\/1-section1-img-4.png","type":"image\/png"}],"twitter_card":"summary_large_image","twitter_misc":{"Dur\u00e9e de lecture estim\u00e9e":"2 minutes"},"schema":{"@context":"https:\/\/schema.org","@graph":[{"@type":"WebPage","@id":"https:\/\/www.vizimax.com\/fr\/cei-61850\/","url":"https:\/\/www.vizimax.com\/fr\/cei-61850\/","name":"La norme CEI 61850 | Vizimax","isPartOf":{"@id":"https:\/\/www.vizimax.com\/fr\/?lang=fr\/#website"},"primaryImageOfPage":{"@id":"https:\/\/www.vizimax.com\/fr\/cei-61850\/#primaryimage"},"image":{"@id":"https:\/\/www.vizimax.com\/fr\/cei-61850\/#primaryimage"},"thumbnailUrl":"https:\/\/www.vizimax.com\/wp-content\/uploads\/2025\/01\/1-section1-img-4.png","datePublished":"2021-12-17T19:24:57+00:00","dateModified":"2025-01-16T14:27:11+00:00","description":"Les experts de Vizimax si\u00e8gent sur diff\u00e9rents comit\u00e9s techniques qui fa\u00e7onnent l'avenir de l'industrie de l'\u00e9nergie.","breadcrumb":{"@id":"https:\/\/www.vizimax.com\/fr\/cei-61850\/#breadcrumb"},"inLanguage":"fr-FR","potentialAction":[{"@type":"ReadAction","target":["https:\/\/www.vizimax.com\/fr\/cei-61850\/"]}]},{"@type":"ImageObject","inLanguage":"fr-FR","@id":"https:\/\/www.vizimax.com\/fr\/cei-61850\/#primaryimage","url":"https:\/\/www.vizimax.com\/wp-content\/uploads\/2025\/01\/1-section1-img-4.png","contentUrl":"https:\/\/www.vizimax.com\/wp-content\/uploads\/2025\/01\/1-section1-img-4.png"},{"@type":"BreadcrumbList","@id":"https:\/\/www.vizimax.com\/fr\/cei-61850\/#breadcrumb","itemListElement":[{"@type":"ListItem","position":1,"name":"Home","item":"https:\/\/www.vizimax.com\/fr\/"},{"@type":"ListItem","position":2,"name":"CEI 61850"}]},{"@type":"WebSite","@id":"https:\/\/www.vizimax.com\/fr\/?lang=fr\/#website","url":"https:\/\/www.vizimax.com\/fr\/?lang=fr\/","name":"Vizimax","description":"","publisher":{"@id":"https:\/\/www.vizimax.com\/fr\/?lang=fr\/#organization"},"potentialAction":[{"@type":"SearchAction","target":{"@type":"EntryPoint","urlTemplate":"https:\/\/www.vizimax.com\/fr\/?lang=fr\/?s={search_term_string}"},"query-input":{"@type":"PropertyValueSpecification","valueRequired":true,"valueName":"search_term_string"}}],"inLanguage":"fr-FR"},{"@type":"Organization","@id":"https:\/\/www.vizimax.com\/fr\/?lang=fr\/#organization","name":"Vizimax","url":"https:\/\/www.vizimax.com\/fr\/?lang=fr\/","logo":{"@type":"ImageObject","inLanguage":"fr-FR","@id":"https:\/\/www.vizimax.com\/fr\/?lang=fr\/#\/schema\/logo\/image\/","url":"https:\/\/www.vizimax.com\/wp-content\/uploads\/2025\/01\/1-header-logofr.svg","contentUrl":"https:\/\/www.vizimax.com\/wp-content\/uploads\/2025\/01\/1-header-logofr.svg","caption":"Vizimax"},"image":{"@id":"https:\/\/www.vizimax.com\/fr\/?lang=fr\/#\/schema\/logo\/image\/"}}]}},"_links":{"self":[{"href":"https:\/\/www.vizimax.com\/fr\/wp-json\/wp\/v2\/pages\/2637","targetHints":{"allow":["GET"]}}],"collection":[{"href":"https:\/\/www.vizimax.com\/fr\/wp-json\/wp\/v2\/pages"}],"about":[{"href":"https:\/\/www.vizimax.com\/fr\/wp-json\/wp\/v2\/types\/page"}],"author":[{"embeddable":true,"href":"https:\/\/www.vizimax.com\/fr\/wp-json\/wp\/v2\/users\/2"}],"replies":[{"embeddable":true,"href":"https:\/\/www.vizimax.com\/fr\/wp-json\/wp\/v2\/comments?post=2637"}],"version-history":[{"count":0,"href":"https:\/\/www.vizimax.com\/fr\/wp-json\/wp\/v2\/pages\/2637\/revisions"}],"wp:attachment":[{"href":"https:\/\/www.vizimax.com\/fr\/wp-json\/wp\/v2\/media?parent=2637"}],"curies":[{"name":"wp","href":"https:\/\/api.w.org\/{rel}","templated":true}]}}