{"id":2800,"date":"2022-02-04T10:16:51","date_gmt":"2022-02-04T15:16:51","guid":{"rendered":"https:\/\/www.vizimax.com\/registration\/"},"modified":"2022-04-11T13:22:24","modified_gmt":"2022-04-11T17:22:24","slug":"enregistrement","status":"publish","type":"page","link":"https:\/\/www.vizimax.com\/fr\/enregistrement\/","title":{"rendered":"Enregistrement"},"content":{"rendered":"\t\t<div data-elementor-type=\"wp-page\" data-elementor-id=\"2800\" class=\"elementor elementor-2800 elementor-1724\" data-elementor-post-type=\"page\">\n\t\t\t\t\t\t<section class=\"elementor-section elementor-top-section elementor-element elementor-element-980d6d2 elementor-section-boxed elementor-section-height-default elementor-section-height-default\" data-id=\"980d6d2\" data-element_type=\"section\" data-e-type=\"section\" data-settings=\"{&quot;background_background&quot;:&quot;classic&quot;}\">\n\t\t\t\t\t\t<div class=\"elementor-container elementor-column-gap-default\">\n\t\t\t\t\t<div class=\"elementor-column elementor-col-100 elementor-top-column elementor-element elementor-element-59f2baf\" data-id=\"59f2baf\" data-element_type=\"column\" data-e-type=\"column\">\n\t\t\t<div class=\"elementor-widget-wrap elementor-element-populated\">\n\t\t\t\t\t\t<div class=\"elementor-element elementor-element-46d52c6 elementor-widget elementor-widget-heading\" data-id=\"46d52c6\" data-element_type=\"widget\" data-e-type=\"widget\" data-widget_type=\"heading.default\">\n\t\t\t\t<div class=\"elementor-widget-container\">\n\t\t\t\t\t<h1 class=\"elementor-heading-title elementor-size-default\">Cr\u00e9er un compte<\/h1>\t\t\t\t<\/div>\n\t\t\t\t<\/div>\n\t\t\t\t<div class=\"elementor-element elementor-element-bb0d730 elementor-widget elementor-widget-text-editor\" data-id=\"bb0d730\" data-element_type=\"widget\" data-e-type=\"widget\" data-widget_type=\"text-editor.default\">\n\t\t\t\t<div class=\"elementor-widget-container\">\n\t\t\t\t\t\t\t\t\t<p>Confirmez entrer votre adresse courriel afin que celle-ci soit authentifi\u00e9e.<\/p>\t\t\t\t\t\t\t\t<\/div>\n\t\t\t\t<\/div>\n\t\t\t\t<div class=\"elementor-element elementor-element-c69668a elementor-widget elementor-widget-formidable\" data-id=\"c69668a\" data-element_type=\"widget\" data-e-type=\"widget\" data-widget_type=\"formidable.default\">\n\t\t\t\t<div class=\"elementor-widget-container\">\n\t\t\t\t\t<link rel='stylesheet' id='formidable-css' href='https:\/\/www.vizimax.com\/wp-content\/plugins\/formidable\/css\/formidableforms.css?ver=3171333' media='all' \/>\n<div class=\"frm_forms  with_frm_style frm_style_formidable-style\" id=\"frm_form_21_container\" data-token=\"cfbc3342de83edea558c4f2fffd802be\">\n<form enctype=\"multipart\/form-data\" method=\"post\" class=\"frm-show-form  frm_pro_form \" id=\"form_emailverificationaf6f8436f2\" data-token=\"cfbc3342de83edea558c4f2fffd802be\">\n<div class=\"frm_form_fields \">\n<fieldset>\n<legend class=\"frm_screen_reader\">V\u00e9rification de courriel<\/legend>\r\n\r\n<div class=\"frm_fields_container\">\n<input type=\"hidden\" name=\"frm_action\" value=\"create\" \/>\n<input type=\"hidden\" name=\"form_id\" value=\"21\" \/>\n<input type=\"hidden\" name=\"frm_hide_fields_21\" id=\"frm_hide_fields_21\" value=\"\" \/>\n<input type=\"hidden\" name=\"form_key\" value=\"emailverificationaf6f8436f2\" \/>\n<input type=\"hidden\" name=\"item_meta[0]\" value=\"\" \/>\n<input type=\"hidden\" id=\"frm_submit_entry_21\" name=\"frm_submit_entry_21\" value=\"6e762dd1dc\" \/><input type=\"hidden\" name=\"_wp_http_referer\" value=\"\/fr\/wp-json\/wp\/v2\/pages\/2800\" \/><div id=\"frm_field_169_container\" class=\"frm_form_field form-field  frm_required_field frm_top_container frm_first frm_half\">\r\n    <label for=\"field_bp7rn25348c5c27\" id=\"field_bp7rn25348c5c27_label\" class=\"frm_primary_label\">Courriel\r\n        <span class=\"frm_required\" aria-hidden=\"true\">*<\/span>\r\n    <\/label>\r\n    <input type=\"email\" id=\"field_bp7rn25348c5c27\" name=\"item_meta[169]\" value=\"\"  placeholder=\"Entrez votre Courriel\" data-reqmsg=\"Veuillez remplir ce champ\" aria-required=\"true\" data-invmsg=\"Entrez une adresse de courriel valide\" aria-invalid=\"false\"  \/>\r\n    \r\n    \r\n<\/div>\n<div id=\"frm_field_conf_169_container\" class=\"frm_form_field frm_hidden_container frm_conf_field form-field  frm_required_field frm_top_container  frm6\">\r\n    <label for=\"field_conf_bp7rn25348c5c27\" id=\"field_conf_bp7rn25348c5c27_label\" class=\"frm_conf_label frm_primary_label\">Valider Courriel\r\n        <span class=\"frm_required\" aria-hidden=\"true\">*<\/span>\r\n    <\/label>\r\n    <input type=\"email\" id=\"field_conf_bp7rn25348c5c27\" name=\"item_meta[conf_169]\" value=\"\"  placeholder=\"Confirmez votre courriel\" data-reqmsg=\"Veuillez remplir ce champ\" aria-required=\"true\" data-confmsg=\"Les valeurs ne sont pas les m\u00eames\" data-invmsg=\"Entrez une adresse de courriel valide\" aria-invalid=\"false\"  \/>\r\n    \r\n    \r\n<\/div>\n<div id=\"frm_field_170_container\" class=\"frm_form_field form-field  frm_none_container\">\r\n    <label for=\"g-recaptcha-response\" id=\"field_p2x6y0c7455ed7a_label\" class=\"frm_primary_label\">reCAPTCHA\r\n        <span class=\"frm_required\" aria-hidden=\"true\"><\/span>\r\n    <\/label>\r\n    <div  id=\"field_p2x6y0c7455ed7a\" class=\"frm-g-recaptcha\" data-sitekey=\"6Lfx-z8eAAAAACSMvaGlhLfP8ZPnfB4Bmay4OC1u\" data-size=\"normal\" data-theme=\"light\"><\/div>\r\n    \r\n    \r\n<\/div>\n\t<input type=\"hidden\" name=\"item_key\" value=\"\" \/>\n\t\t\t<div id=\"frm_field_229_container\">\n\t\t\t<label for=\"field_3ne9v\" >\n\t\t\t\tSi vous \u00eates un humain, ne remplissez pas ce champ.\t\t\t<\/label>\n\t\t\t<input  id=\"field_3ne9v\" type=\"text\" class=\"frm_form_field form-field frm_verify\" name=\"item_meta[229]\" value=\"\"  \/>\n\t\t<\/div>\n\t\t<input name=\"frm_state\" type=\"hidden\" value=\"jnAOxU1o+C9xKOBgM4ROMc1hM1x2nDj2DK\/6PTUCAtdxGPJmqHMsFjK2vk2jYEAn\" \/><div class=\"frm_submit\">\r\n\r\n<button class=\"frm_button_submit frm_final_submit\" type=\"submit\"   formnovalidate=\"formnovalidate\">Soumettre<\/button>\r\n\r\n<\/div><\/div>\n<\/fieldset>\n<\/div>\n\n<\/form>\n<\/div>\n\t\t\t\t<\/div>\n\t\t\t\t<\/div>\n\t\t\t\t\t<\/div>\n\t\t<\/div>\n\t\t\t\t\t<\/div>\n\t\t<\/section>\n\t\t\t\t<\/div>\n\t\t","protected":false},"excerpt":{"rendered":"<p>Cr\u00e9er un compte Confirmez entrer votre adresse courriel afin que celle-ci soit authentifi\u00e9e. V\u00e9rification de courriel Courriel * Confirm Courriel * reCAPTCHA If you are human, leave this field blank. Soumettre<\/p>\n","protected":false},"author":2,"featured_media":0,"parent":0,"menu_order":0,"comment_status":"closed","ping_status":"closed","template":"","meta":{"_acf_changed":false,"site-sidebar-layout":"no-sidebar","site-content-layout":"page-builder","ast-site-content-layout":"default","site-content-style":"default","site-sidebar-style":"default","ast-global-header-display":"","ast-banner-title-visibility":"","ast-main-header-display":"","ast-hfb-above-header-display":"","ast-hfb-below-header-display":"","ast-hfb-mobile-header-display":"","site-post-title":"disabled","ast-breadcrumbs-content":"","ast-featured-img":"disabled","footer-sml-layout":"","ast-disable-related-posts":"","theme-transparent-header-meta":"","adv-header-id-meta":"","stick-header-meta":"","header-above-stick-meta":"","header-main-stick-meta":"","header-below-stick-meta":"","astra-migrate-meta-layouts":"default","ast-page-background-enabled":"default","ast-page-background-meta":{"desktop":{"background-color":"","background-image":"","background-repeat":"repeat","background-position":"center center","background-size":"auto","background-attachment":"scroll","background-type":"","background-media":"","overlay-type":"","overlay-color":"","overlay-opacity":"","overlay-gradient":""},"tablet":{"background-color":"","background-image":"","background-repeat":"repeat","background-position":"center center","background-size":"auto","background-attachment":"scroll","background-type":"","background-media":"","overlay-type":"","overlay-color":"","overlay-opacity":"","overlay-gradient":""},"mobile":{"background-color":"","background-image":"","background-repeat":"repeat","background-position":"center center","background-size":"auto","background-attachment":"scroll","background-type":"","background-media":"","overlay-type":"","overlay-color":"","overlay-opacity":"","overlay-gradient":""}},"ast-content-background-meta":{"desktop":{"background-color":"var(--ast-global-color-5)","background-image":"","background-repeat":"repeat","background-position":"center center","background-size":"auto","background-attachment":"scroll","background-type":"","background-media":"","overlay-type":"","overlay-color":"","overlay-opacity":"","overlay-gradient":""},"tablet":{"background-color":"var(--ast-global-color-5)","background-image":"","background-repeat":"repeat","background-position":"center center","background-size":"auto","background-attachment":"scroll","background-type":"","background-media":"","overlay-type":"","overlay-color":"","overlay-opacity":"","overlay-gradient":""},"mobile":{"background-color":"var(--ast-global-color-5)","background-image":"","background-repeat":"repeat","background-position":"center center","background-size":"auto","background-attachment":"scroll","background-type":"","background-media":"","overlay-type":"","overlay-color":"","overlay-opacity":"","overlay-gradient":""}},"footnotes":""},"class_list":["post-2800","page","type-page","status-publish","hentry"],"acf":[],"yoast_head":"<!-- This site is optimized with the Yoast SEO plugin v27.2 - https:\/\/yoast.com\/product\/yoast-seo-wordpress\/ -->\n<title>Enregistrement | Vizimax<\/title>\n<meta name=\"robots\" content=\"index, follow, max-snippet:-1, max-image-preview:large, max-video-preview:-1\" \/>\n<link rel=\"canonical\" href=\"https:\/\/www.vizimax.com\/fr\/enregistrement\/\" \/>\n<meta property=\"og:locale\" content=\"fr_FR\" \/>\n<meta property=\"og:type\" content=\"article\" \/>\n<meta property=\"og:title\" content=\"Enregistrement | Vizimax\" \/>\n<meta property=\"og:description\" content=\"Cr\u00e9er un compte Confirmez entrer votre adresse courriel afin que celle-ci soit authentifi\u00e9e. V\u00e9rification de courriel Courriel * Confirm Courriel * reCAPTCHA If you are human, leave this field blank. Soumettre\" \/>\n<meta property=\"og:url\" content=\"https:\/\/www.vizimax.com\/fr\/enregistrement\/\" \/>\n<meta property=\"og:site_name\" content=\"Vizimax\" \/>\n<meta property=\"article:modified_time\" content=\"2022-04-11T17:22:24+00:00\" \/>\n<meta name=\"twitter:card\" content=\"summary_large_image\" \/>\n<meta name=\"twitter:label1\" content=\"Dur\u00e9e de lecture estim\u00e9e\" \/>\n\t<meta name=\"twitter:data1\" content=\"1 minute\" \/>\n<script type=\"application\/ld+json\" class=\"yoast-schema-graph\">{\"@context\":\"https:\/\/schema.org\",\"@graph\":[{\"@type\":\"WebPage\",\"@id\":\"https:\/\/www.vizimax.com\/fr\/enregistrement\/\",\"url\":\"https:\/\/www.vizimax.com\/fr\/enregistrement\/\",\"name\":\"Enregistrement | Vizimax\",\"isPartOf\":{\"@id\":\"https:\/\/www.vizimax.com\/fr\/?lang=fr\/#website\"},\"datePublished\":\"2022-02-04T15:16:51+00:00\",\"dateModified\":\"2022-04-11T17:22:24+00:00\",\"breadcrumb\":{\"@id\":\"https:\/\/www.vizimax.com\/fr\/enregistrement\/#breadcrumb\"},\"inLanguage\":\"fr-FR\",\"potentialAction\":[{\"@type\":\"ReadAction\",\"target\":[\"https:\/\/www.vizimax.com\/fr\/enregistrement\/\"]}]},{\"@type\":\"BreadcrumbList\",\"@id\":\"https:\/\/www.vizimax.com\/fr\/enregistrement\/#breadcrumb\",\"itemListElement\":[{\"@type\":\"ListItem\",\"position\":1,\"name\":\"Home\",\"item\":\"https:\/\/www.vizimax.com\/fr\/\"},{\"@type\":\"ListItem\",\"position\":2,\"name\":\"Enregistrement\"}]},{\"@type\":\"WebSite\",\"@id\":\"https:\/\/www.vizimax.com\/fr\/?lang=fr\/#website\",\"url\":\"https:\/\/www.vizimax.com\/fr\/?lang=fr\/\",\"name\":\"Vizimax\",\"description\":\"\",\"publisher\":{\"@id\":\"https:\/\/www.vizimax.com\/fr\/?lang=fr\/#organization\"},\"potentialAction\":[{\"@type\":\"SearchAction\",\"target\":{\"@type\":\"EntryPoint\",\"urlTemplate\":\"https:\/\/www.vizimax.com\/fr\/?lang=fr\/?s={search_term_string}\"},\"query-input\":{\"@type\":\"PropertyValueSpecification\",\"valueRequired\":true,\"valueName\":\"search_term_string\"}}],\"inLanguage\":\"fr-FR\"},{\"@type\":\"Organization\",\"@id\":\"https:\/\/www.vizimax.com\/fr\/?lang=fr\/#organization\",\"name\":\"Vizimax\",\"url\":\"https:\/\/www.vizimax.com\/fr\/?lang=fr\/\",\"logo\":{\"@type\":\"ImageObject\",\"inLanguage\":\"fr-FR\",\"@id\":\"https:\/\/www.vizimax.com\/fr\/?lang=fr\/#\/schema\/logo\/image\/\",\"url\":\"https:\/\/www.vizimax.com\/wp-content\/uploads\/2025\/01\/1-header-logofr.svg\",\"contentUrl\":\"https:\/\/www.vizimax.com\/wp-content\/uploads\/2025\/01\/1-header-logofr.svg\",\"caption\":\"Vizimax\"},\"image\":{\"@id\":\"https:\/\/www.vizimax.com\/fr\/?lang=fr\/#\/schema\/logo\/image\/\"}}]}<\/script>\n<!-- \/ Yoast SEO plugin. -->","yoast_head_json":{"title":"Enregistrement | Vizimax","robots":{"index":"index","follow":"follow","max-snippet":"max-snippet:-1","max-image-preview":"max-image-preview:large","max-video-preview":"max-video-preview:-1"},"canonical":"https:\/\/www.vizimax.com\/fr\/enregistrement\/","og_locale":"fr_FR","og_type":"article","og_title":"Enregistrement | Vizimax","og_description":"Cr\u00e9er un compte Confirmez entrer votre adresse courriel afin que celle-ci soit authentifi\u00e9e. V\u00e9rification de courriel Courriel * Confirm Courriel * reCAPTCHA If you are human, leave this field blank. Soumettre","og_url":"https:\/\/www.vizimax.com\/fr\/enregistrement\/","og_site_name":"Vizimax","article_modified_time":"2022-04-11T17:22:24+00:00","twitter_card":"summary_large_image","twitter_misc":{"Dur\u00e9e de lecture estim\u00e9e":"1 minute"},"schema":{"@context":"https:\/\/schema.org","@graph":[{"@type":"WebPage","@id":"https:\/\/www.vizimax.com\/fr\/enregistrement\/","url":"https:\/\/www.vizimax.com\/fr\/enregistrement\/","name":"Enregistrement | Vizimax","isPartOf":{"@id":"https:\/\/www.vizimax.com\/fr\/?lang=fr\/#website"},"datePublished":"2022-02-04T15:16:51+00:00","dateModified":"2022-04-11T17:22:24+00:00","breadcrumb":{"@id":"https:\/\/www.vizimax.com\/fr\/enregistrement\/#breadcrumb"},"inLanguage":"fr-FR","potentialAction":[{"@type":"ReadAction","target":["https:\/\/www.vizimax.com\/fr\/enregistrement\/"]}]},{"@type":"BreadcrumbList","@id":"https:\/\/www.vizimax.com\/fr\/enregistrement\/#breadcrumb","itemListElement":[{"@type":"ListItem","position":1,"name":"Home","item":"https:\/\/www.vizimax.com\/fr\/"},{"@type":"ListItem","position":2,"name":"Enregistrement"}]},{"@type":"WebSite","@id":"https:\/\/www.vizimax.com\/fr\/?lang=fr\/#website","url":"https:\/\/www.vizimax.com\/fr\/?lang=fr\/","name":"Vizimax","description":"","publisher":{"@id":"https:\/\/www.vizimax.com\/fr\/?lang=fr\/#organization"},"potentialAction":[{"@type":"SearchAction","target":{"@type":"EntryPoint","urlTemplate":"https:\/\/www.vizimax.com\/fr\/?lang=fr\/?s={search_term_string}"},"query-input":{"@type":"PropertyValueSpecification","valueRequired":true,"valueName":"search_term_string"}}],"inLanguage":"fr-FR"},{"@type":"Organization","@id":"https:\/\/www.vizimax.com\/fr\/?lang=fr\/#organization","name":"Vizimax","url":"https:\/\/www.vizimax.com\/fr\/?lang=fr\/","logo":{"@type":"ImageObject","inLanguage":"fr-FR","@id":"https:\/\/www.vizimax.com\/fr\/?lang=fr\/#\/schema\/logo\/image\/","url":"https:\/\/www.vizimax.com\/wp-content\/uploads\/2025\/01\/1-header-logofr.svg","contentUrl":"https:\/\/www.vizimax.com\/wp-content\/uploads\/2025\/01\/1-header-logofr.svg","caption":"Vizimax"},"image":{"@id":"https:\/\/www.vizimax.com\/fr\/?lang=fr\/#\/schema\/logo\/image\/"}}]}},"_links":{"self":[{"href":"https:\/\/www.vizimax.com\/fr\/wp-json\/wp\/v2\/pages\/2800","targetHints":{"allow":["GET"]}}],"collection":[{"href":"https:\/\/www.vizimax.com\/fr\/wp-json\/wp\/v2\/pages"}],"about":[{"href":"https:\/\/www.vizimax.com\/fr\/wp-json\/wp\/v2\/types\/page"}],"author":[{"embeddable":true,"href":"https:\/\/www.vizimax.com\/fr\/wp-json\/wp\/v2\/users\/2"}],"replies":[{"embeddable":true,"href":"https:\/\/www.vizimax.com\/fr\/wp-json\/wp\/v2\/comments?post=2800"}],"version-history":[{"count":0,"href":"https:\/\/www.vizimax.com\/fr\/wp-json\/wp\/v2\/pages\/2800\/revisions"}],"wp:attachment":[{"href":"https:\/\/www.vizimax.com\/fr\/wp-json\/wp\/v2\/media?parent=2800"}],"curies":[{"name":"wp","href":"https:\/\/api.w.org\/{rel}","templated":true}]}}